{"id":10,"date":"2024-06-15T12:40:26","date_gmt":"2024-06-15T12:40:26","guid":{"rendered":"https:\/\/studiofhalsa.se\/wordpress_w\/kontakt\/"},"modified":"2026-02-11T13:06:47","modified_gmt":"2026-02-11T13:06:47","slug":"kontakt","status":"publish","type":"page","link":"https:\/\/studiofhalsa.se\/wordpress_w\/kontakt\/","title":{"rendered":"Kontakt"},"content":{"rendered":"\n<div class=\"wp-block-group alignfull has-background-background-color has-background has-global-padding is-layout-constrained wp-container-core-group-is-layout-eed7453c wp-block-group-is-layout-constrained\" style=\"margin-top:0;margin-bottom:0;padding-top:0;padding-right:0;padding-left:0\">\n<div class=\"wp-block-cover alignfull ext-import\" style=\"padding-top:0;padding-right:var(--wp--preset--spacing--30);padding-bottom:0;padding-left:var(--wp--preset--spacing--30);min-height:268px;aspect-ratio:unset;\"><img loading=\"lazy\" decoding=\"async\" width=\"1920\" height=\"2560\" class=\"wp-block-cover__image-background wp-image-33\" alt=\"\" src=\"https:\/\/studiofhalsa.se\/wordpress_w\/wp-content\/uploads\/2024\/08\/20240725_214612-scaled.jpg\" data-object-fit=\"cover\" srcset=\"https:\/\/studiofhalsa.se\/wordpress_w\/wp-content\/uploads\/2024\/08\/20240725_214612-scaled.jpg 1920w, https:\/\/studiofhalsa.se\/wordpress_w\/wp-content\/uploads\/2024\/08\/20240725_214612-225x300.jpg 225w, https:\/\/studiofhalsa.se\/wordpress_w\/wp-content\/uploads\/2024\/08\/20240725_214612-768x1024.jpg 768w, https:\/\/studiofhalsa.se\/wordpress_w\/wp-content\/uploads\/2024\/08\/20240725_214612-1152x1536.jpg 1152w, https:\/\/studiofhalsa.se\/wordpress_w\/wp-content\/uploads\/2024\/08\/20240725_214612-1536x2048.jpg 1536w\" sizes=\"auto, (max-width: 1920px) 100vw, 1920px\" \/><span aria-hidden=\"true\" class=\"wp-block-cover__background has-black-background-color has-background-dim-60 has-background-dim\"><\/span><div class=\"wp-block-cover__inner-container is-layout-flow wp-block-cover-is-layout-flow\">\n<div class=\"wp-block-group has-global-padding is-layout-constrained wp-block-group-is-layout-constrained\" style=\"padding-top:var(--wp--preset--spacing--60);padding-bottom:var(--wp--preset--spacing--60)\">\n<div class=\"wp-block-columns alignwide are-vertically-aligned-center is-layout-flex wp-container-core-columns-is-layout-947c9d80 wp-block-columns-is-layout-flex\">\n<div class=\"wp-block-column is-vertically-aligned-center is-layout-flow wp-block-column-is-layout-flow\">\n<h1 class=\"wp-block-heading has-text-color has-x-large-font-size\" style=\"color:#fffffffc\">Kontakta oss och boka<\/h1>\n<\/div>\n\n\n\n<div class=\"wp-block-column is-vertically-aligned-center is-layout-flow wp-block-column-is-layout-flow\">\n<p class=\"has-text-color\" style=\"color:#fffffffc\">Boka din n\u00e4sta massagebehandling hos Studio F h\u00e4lsa &amp; massage  \u2013 din v\u00e4g till v\u00e4lm\u00e5ende och r\u00f6relsegl\u00e4dje.<\/p>\n<\/div>\n<\/div>\n<\/div>\n<\/div><\/div>\n<\/div>\n\n\n\n<div class=\"wp-block-group alignfull has-background-background-color has-background has-global-padding is-layout-constrained wp-container-core-group-is-layout-254d6575 wp-block-group-is-layout-constrained\" style=\"margin-top:0;margin-bottom:0;padding-top:var(--wp--preset--spacing--60);padding-right:var(--wp--preset--spacing--30);padding-bottom:var(--wp--preset--spacing--60);padding-left:var(--wp--preset--spacing--30)\">\n<h2 class=\"wp-block-heading has-text-align-center has-large-font-size\">Kontakta mig f\u00f6r personlig tr\u00e4ning och avkopplande massage i Rottne.<\/h2>\n\n\n\n<p class=\"has-text-align-center\">L\u00f6pan\u00e4sv\u00e4gen 6 <\/p>\n\n\n\n<p class=\"has-text-align-center\" style=\"margin-top:0;margin-bottom:0\"><strong>Rottne, Sverige<\/strong><\/p>\n\n\n\n<p class=\"has-text-align-center has-small-font-size\" style=\"margin-top:8px\">frida@studiofhalsa.se<\/p>\n<\/div>\n\n\n\n<p><\/p>\n","protected":false},"excerpt":{"rendered":"<p>Kontakta mig f\u00f6r personlig tr\u00e4ning och avkopplande massage i Rottne. L\u00f6pan\u00e4sv\u00e4gen 6 Rottne, Sverige frida@studiofhalsa.se<\/p>\n","protected":false},"author":1,"featured_media":0,"parent":0,"menu_order":0,"comment_status":"closed","ping_status":"closed","template":"no-title","meta":{"_monsterinsights_skip_tracking":false,"_monsterinsights_sitenote_active":false,"_monsterinsights_sitenote_note":"","_monsterinsights_sitenote_category":0,"footnotes":""},"class_list":["post-10","page","type-page","status-publish","hentry"],"aioseo_notices":[],"_links":{"self":[{"href":"https:\/\/studiofhalsa.se\/wordpress_w\/wp-json\/wp\/v2\/pages\/10","targetHints":{"allow":["GET"]}}],"collection":[{"href":"https:\/\/studiofhalsa.se\/wordpress_w\/wp-json\/wp\/v2\/pages"}],"about":[{"href":"https:\/\/studiofhalsa.se\/wordpress_w\/wp-json\/wp\/v2\/types\/page"}],"author":[{"embeddable":true,"href":"https:\/\/studiofhalsa.se\/wordpress_w\/wp-json\/wp\/v2\/users\/1"}],"replies":[{"embeddable":true,"href":"https:\/\/studiofhalsa.se\/wordpress_w\/wp-json\/wp\/v2\/comments?post=10"}],"version-history":[{"count":3,"href":"https:\/\/studiofhalsa.se\/wordpress_w\/wp-json\/wp\/v2\/pages\/10\/revisions"}],"predecessor-version":[{"id":89,"href":"https:\/\/studiofhalsa.se\/wordpress_w\/wp-json\/wp\/v2\/pages\/10\/revisions\/89"}],"wp:attachment":[{"href":"https:\/\/studiofhalsa.se\/wordpress_w\/wp-json\/wp\/v2\/media?parent=10"}],"curies":[{"name":"wp","href":"https:\/\/api.w.org\/{rel}","templated":true}]}}